{"id":27,"date":"2011-03-04T11:16:36","date_gmt":"2011-03-04T10:16:36","guid":{"rendered":"http:\/\/www.spm-prod.fr\/site\/?page_id=27"},"modified":"2022-05-13T07:27:31","modified_gmt":"2022-05-13T06:27:31","slug":"concerts","status":"publish","type":"page","link":"http:\/\/www.spm-prod.fr\/site\/","title":{"rendered":"Programmation"},"content":{"rendered":"<p><img loading=\"lazy\" decoding=\"async\" class=\"aligncenter size-full wp-image-109\" title=\"SPM\" src=\"http:\/\/www.spm-prod.fr\/site\/wp-content\/uploads\/2011\/03\/SPM.jpg\" alt=\"\" width=\"302\" height=\"192\" srcset=\"http:\/\/www.spm-prod.fr\/site\/wp-content\/uploads\/2011\/03\/SPM.jpg 302w, http:\/\/www.spm-prod.fr\/site\/wp-content\/uploads\/2011\/03\/SPM-300x190.jpg 300w\" sizes=\"auto, (max-width: 302px) 100vw, 302px\" \/><\/p>\n<p>Vous voulez \u00eatre tenu au courant par email des nouvelles dates, des concours ou autre ==&gt; Inscrivez vous \u00e0 la newsletter (en haut \u00e0 droite du site)<\/p>\n<p><strong>\t\t<div id=\"fb-root\"><\/div>\r\n\t\t<script>(function(d, s, id) {\r\n\t\t  var js, fjs = d.getElementsByTagName(s)[0];\r\n\t\t  if (d.getElementById(id)) return;\r\n\t\t  js = d.createElement(s); js.id = id;\r\n\t\t  js.src = 'https:\/\/connect.facebook.net\/en_US\/sdk.js#xfbml=1&version=v7.0&appId=153429252084467';\r\n\t\t  fjs.parentNode.insertBefore(js, fjs);\r\n\t\t}(document, 'script', 'facebook-jssdk'));<\/script>\r\n\r\n\t\t<div class=\"fb-page\"\r\n\t\tdata-href=\"https:\/\/www.facebook.com\/spmprod31\/\"\r\n\t\tdata-tabs=\"events\"\r\n\t\tdata-width=\"760\"\r\n\t\tdata-height=\"500\"\r\n\t\tdata-small-header=\"true \"\r\n\t\tdata-adapt-container-width=\"true\"\r\n\t\tdata-hide-cover=\"false\"\r\n\t\tdata-show-facepile=\"false\"\r\n\t\tdata-hide-cta=\"true\"><\/div>\r\n\t\t<\/strong><\/p>\n","protected":false},"excerpt":{"rendered":"<p>Vous voulez \u00eatre tenu au courant par email des nouvelles dates, des concours ou autre ==&gt; Inscrivez vous \u00e0 la newsletter (en haut \u00e0 droite du site)<\/p>\n","protected":false},"author":1,"featured_media":0,"parent":0,"menu_order":0,"comment_status":"closed","ping_status":"open","template":"","meta":{"footnotes":""},"class_list":["post-27","page","type-page","status-publish","hentry"],"_links":{"self":[{"href":"http:\/\/www.spm-prod.fr\/site\/wp-json\/wp\/v2\/pages\/27","targetHints":{"allow":["GET"]}}],"collection":[{"href":"http:\/\/www.spm-prod.fr\/site\/wp-json\/wp\/v2\/pages"}],"about":[{"href":"http:\/\/www.spm-prod.fr\/site\/wp-json\/wp\/v2\/types\/page"}],"author":[{"embeddable":true,"href":"http:\/\/www.spm-prod.fr\/site\/wp-json\/wp\/v2\/users\/1"}],"replies":[{"embeddable":true,"href":"http:\/\/www.spm-prod.fr\/site\/wp-json\/wp\/v2\/comments?post=27"}],"version-history":[{"count":15,"href":"http:\/\/www.spm-prod.fr\/site\/wp-json\/wp\/v2\/pages\/27\/revisions"}],"predecessor-version":[{"id":933,"href":"http:\/\/www.spm-prod.fr\/site\/wp-json\/wp\/v2\/pages\/27\/revisions\/933"}],"wp:attachment":[{"href":"http:\/\/www.spm-prod.fr\/site\/wp-json\/wp\/v2\/media?parent=27"}],"curies":[{"name":"wp","href":"https:\/\/api.w.org\/{rel}","templated":true}]}}